{"id":95,"date":"2020-04-05T15:03:55","date_gmt":"2020-04-05T15:03:55","guid":{"rendered":"https:\/\/ganz-neue-wege.de\/?page_id=95"},"modified":"2020-04-06T13:16:37","modified_gmt":"2020-04-06T13:16:37","slug":"methoden","status":"publish","type":"page","link":"https:\/\/ganz-neue-wege.de\/?page_id=95","title":{"rendered":"Methoden"},"content":{"rendered":"\t\t<div data-elementor-type=\"wp-page\" data-elementor-id=\"95\" class=\"elementor elementor-95\">\n\t\t\t\t\t\t<section class=\"elementor-section elementor-top-section elementor-element elementor-element-2c56206 elementor-section-boxed elementor-section-height-default elementor-section-height-default\" data-id=\"2c56206\" data-element_type=\"section\" data-e-type=\"section\">\n\t\t\t\t\t\t<div class=\"elementor-container elementor-column-gap-default\">\n\t\t\t\t\t<div class=\"elementor-column elementor-col-50 elementor-top-column elementor-element elementor-element-4aa3aa8\" data-id=\"4aa3aa8\" data-element_type=\"column\" data-e-type=\"column\">\n\t\t\t<div class=\"elementor-widget-wrap elementor-element-populated\">\n\t\t\t\t\t\t<div class=\"elementor-element elementor-element-a26cff3 elementor-widget elementor-widget-image\" data-id=\"a26cff3\" data-element_type=\"widget\" data-e-type=\"widget\" data-widget_type=\"image.default\">\n\t\t\t\t<div class=\"elementor-widget-container\">\n\t\t\t\t\t\t\t\t\t\t\t\t\t\t\t<img fetchpriority=\"high\" decoding=\"async\" width=\"300\" height=\"225\" src=\"https:\/\/ganz-neue-wege.de\/wp-content\/uploads\/2020\/04\/family-451358_640-300x225.png\" class=\"attachment-medium size-medium wp-image-123\" alt=\"\" srcset=\"https:\/\/ganz-neue-wege.de\/wp-content\/uploads\/2020\/04\/family-451358_640-300x225.png 300w, https:\/\/ganz-neue-wege.de\/wp-content\/uploads\/2020\/04\/family-451358_640-80x60.png 80w, https:\/\/ganz-neue-wege.de\/wp-content\/uploads\/2020\/04\/family-451358_640.png 640w, https:\/\/ganz-neue-wege.de\/wp-content\/uploads\/2020\/04\/family-451358_640-110x83.png 110w\" sizes=\"(max-width: 300px) 100vw, 300px\" \/>\t\t\t\t\t\t\t\t\t\t\t\t\t\t\t<\/div>\n\t\t\t\t<\/div>\n\t\t\t\t\t<\/div>\n\t\t<\/div>\n\t\t\t\t<div class=\"elementor-column elementor-col-50 elementor-top-column elementor-element elementor-element-718a742\" data-id=\"718a742\" data-element_type=\"column\" data-e-type=\"column\">\n\t\t\t<div class=\"elementor-widget-wrap elementor-element-populated\">\n\t\t\t\t\t\t<div class=\"elementor-element elementor-element-99a0ea5 elementor-widget elementor-widget-image\" data-id=\"99a0ea5\" data-element_type=\"widget\" data-e-type=\"widget\" data-widget_type=\"image.default\">\n\t\t\t\t<div class=\"elementor-widget-container\">\n\t\t\t\t\t\t\t\t\t\t\t\t\t\t\t<img decoding=\"async\" width=\"300\" height=\"198\" src=\"https:\/\/ganz-neue-wege.de\/wp-content\/uploads\/2020\/04\/people-316500_640-300x198.jpg\" class=\"attachment-medium size-medium wp-image-122\" alt=\"\" srcset=\"https:\/\/ganz-neue-wege.de\/wp-content\/uploads\/2020\/04\/people-316500_640-300x198.jpg 300w, https:\/\/ganz-neue-wege.de\/wp-content\/uploads\/2020\/04\/people-316500_640-91x60.jpg 91w, https:\/\/ganz-neue-wege.de\/wp-content\/uploads\/2020\/04\/people-316500_640.jpg 640w\" sizes=\"(max-width: 300px) 100vw, 300px\" \/>\t\t\t\t\t\t\t\t\t\t\t\t\t\t\t<\/div>\n\t\t\t\t<\/div>\n\t\t\t\t\t<\/div>\n\t\t<\/div>\n\t\t\t\t\t<\/div>\n\t\t<\/section>\n\t\t\t\t<section class=\"elementor-section elementor-top-section elementor-element elementor-element-327db04 elementor-section-boxed elementor-section-height-default elementor-section-height-default\" data-id=\"327db04\" data-element_type=\"section\" data-e-type=\"section\">\n\t\t\t\t\t\t<div class=\"elementor-container elementor-column-gap-default\">\n\t\t\t\t\t<div class=\"elementor-column elementor-col-100 elementor-top-column elementor-element elementor-element-39db6f2\" data-id=\"39db6f2\" data-element_type=\"column\" data-e-type=\"column\">\n\t\t\t<div class=\"elementor-widget-wrap elementor-element-populated\">\n\t\t\t\t\t\t<div class=\"elementor-element elementor-element-ed5b77c elementor-widget elementor-widget-text-editor\" data-id=\"ed5b77c\" data-element_type=\"widget\" data-e-type=\"widget\" data-widget_type=\"text-editor.default\">\n\t\t\t\t<div class=\"elementor-widget-container\">\n\t\t\t\t\t\t\t\t\t<p>In der Kinder- und Familienberatung wende ich familientherapeutische Methoden wie Familienaufstellung, Genogramm oder Reframing an. Gerne erz\u00e4hle ich Ihnen in einem pers\u00f6nlichen Gespr\u00e4ch, was das alles genau ist und was diese Elemente in der Beratungssituation bewirken k\u00f6nnen.<\/p><p>Dar\u00fcber hinaus kommen gerade bei Kindern und Jugendlichen musiktherapeutische Elemente zum Einsatz. Kinder k\u00f6nnen ganz oft ihre Sorgen und N\u00f6te noch nicht in Worte fassen. Gemeinsam suchen wir eine Ausdrucksm\u00f6glichkeit \u00fcber Klang. Selbstverst\u00e4ndlich sind hier keine Kenntnisse bei Instrumenten notwendig.<\/p>\t\t\t\t\t\t\t\t<\/div>\n\t\t\t\t<\/div>\n\t\t\t\t\t<\/div>\n\t\t<\/div>\n\t\t\t\t\t<\/div>\n\t\t<\/section>\n\t\t\t\t<\/div>\n\t\t","protected":false},"excerpt":{"rendered":"<p>In der Kinder- und Familienberatung wende ich familientherapeutische Methoden wie Familienaufstellung, Genogramm oder Reframing an. Gerne erz\u00e4hle ich Ihnen in einem pers\u00f6nlichen Gespr\u00e4ch, was das alles genau ist und was &hellip; <\/p>\n","protected":false},"author":1,"featured_media":0,"parent":0,"menu_order":0,"comment_status":"closed","ping_status":"closed","template":"","meta":{"footnotes":""},"class_list":["post-95","page","type-page","status-publish","hentry"],"_links":{"self":[{"href":"https:\/\/ganz-neue-wege.de\/index.php?rest_route=\/wp\/v2\/pages\/95","targetHints":{"allow":["GET"]}}],"collection":[{"href":"https:\/\/ganz-neue-wege.de\/index.php?rest_route=\/wp\/v2\/pages"}],"about":[{"href":"https:\/\/ganz-neue-wege.de\/index.php?rest_route=\/wp\/v2\/types\/page"}],"author":[{"embeddable":true,"href":"https:\/\/ganz-neue-wege.de\/index.php?rest_route=\/wp\/v2\/users\/1"}],"replies":[{"embeddable":true,"href":"https:\/\/ganz-neue-wege.de\/index.php?rest_route=%2Fwp%2Fv2%2Fcomments&post=95"}],"version-history":[{"count":5,"href":"https:\/\/ganz-neue-wege.de\/index.php?rest_route=\/wp\/v2\/pages\/95\/revisions"}],"predecessor-version":[{"id":156,"href":"https:\/\/ganz-neue-wege.de\/index.php?rest_route=\/wp\/v2\/pages\/95\/revisions\/156"}],"wp:attachment":[{"href":"https:\/\/ganz-neue-wege.de\/index.php?rest_route=%2Fwp%2Fv2%2Fmedia&parent=95"}],"curies":[{"name":"wp","href":"https:\/\/api.w.org\/{rel}","templated":true}]}}