{"id":34,"date":"2020-04-05T12:11:15","date_gmt":"2020-04-05T12:11:15","guid":{"rendered":"https:\/\/ganz-neue-wege.de\/?page_id=34"},"modified":"2021-08-08T18:26:50","modified_gmt":"2021-08-08T16:26:50","slug":"kinder","status":"publish","type":"page","link":"https:\/\/ganz-neue-wege.de\/?page_id=34","title":{"rendered":"Kinder"},"content":{"rendered":"\t\t<div data-elementor-type=\"wp-page\" data-elementor-id=\"34\" class=\"elementor elementor-34\">\n\t\t\t\t\t\t<section class=\"elementor-section elementor-top-section elementor-element elementor-element-3f5ca8a elementor-section-boxed elementor-section-height-default elementor-section-height-default\" data-id=\"3f5ca8a\" data-element_type=\"section\" data-e-type=\"section\">\n\t\t\t\t\t\t<div class=\"elementor-container elementor-column-gap-default\">\n\t\t\t\t\t<div class=\"elementor-column elementor-col-33 elementor-top-column elementor-element elementor-element-42d7066\" data-id=\"42d7066\" data-element_type=\"column\" data-e-type=\"column\">\n\t\t\t<div class=\"elementor-widget-wrap elementor-element-populated\">\n\t\t\t\t\t\t<div class=\"elementor-element elementor-element-142a8de elementor-widget elementor-widget-text-editor\" data-id=\"142a8de\" data-element_type=\"widget\" data-e-type=\"widget\" data-widget_type=\"text-editor.default\">\n\t\t\t\t<div class=\"elementor-widget-container\">\n\t\t\t\t\t\t\t\t\t<p><strong>&#8222;Kinder sind G\u00e4ste, die nach dem Weg fragen.&#8220;<\/strong> <em>(Maria Montessori)<\/em><\/p><p>Manchmal ist es aber f\u00fcr Eltern, LehrerInnen, ErzieherInnen und anderen p\u00e4dagogisch T\u00e4tigen nicht immer einfach, einem Kind den richtigen Weg zu zeigen oder das Kind gar auf diesem Weg zu begleiten. Jedes Kind ist aber klug und sendet die Signale, die wir brauchen, um dem Kind zu helfen.<\/p>\t\t\t\t\t\t\t\t<\/div>\n\t\t\t\t<\/div>\n\t\t\t\t\t<\/div>\n\t\t<\/div>\n\t\t\t\t<div class=\"elementor-column elementor-col-33 elementor-top-column elementor-element elementor-element-86dc8df\" data-id=\"86dc8df\" data-element_type=\"column\" data-e-type=\"column\">\n\t\t\t<div class=\"elementor-widget-wrap elementor-element-populated\">\n\t\t\t\t\t\t<div class=\"elementor-element elementor-element-e0149f2 elementor-widget elementor-widget-text-editor\" data-id=\"e0149f2\" data-element_type=\"widget\" data-e-type=\"widget\" data-widget_type=\"text-editor.default\">\n\t\t\t\t<div class=\"elementor-widget-container\">\n\t\t\t\t\t\t\t\t\t<p><strong>Wann ist bei Kinderngartenkindern professionelle Hilfe angezeigt?<\/strong><\/p><p>&#8211; Probleme bei der\u00a0 \u00a0 \u00a0 \u00a0 \u00a0 Eingew\u00f6hnung oder der Sauberkeitserziehung<\/p><p>&#8211; Probleme bei der Entwicklung und beim Sozialverhalten\u00a0&#8230;.<\/p><p>&#8230;.und vieles mehr<\/p>\t\t\t\t\t\t\t\t<\/div>\n\t\t\t\t<\/div>\n\t\t\t\t\t<\/div>\n\t\t<\/div>\n\t\t\t\t<div class=\"elementor-column elementor-col-33 elementor-top-column elementor-element elementor-element-634ce54\" data-id=\"634ce54\" data-element_type=\"column\" data-e-type=\"column\">\n\t\t\t<div class=\"elementor-widget-wrap elementor-element-populated\">\n\t\t\t\t\t\t<div class=\"elementor-element elementor-element-03e0866 elementor-widget elementor-widget-text-editor\" data-id=\"03e0866\" data-element_type=\"widget\" data-e-type=\"widget\" data-widget_type=\"text-editor.default\">\n\t\t\t\t<div class=\"elementor-widget-container\">\n\t\t\t\t\t\t\t\t\t<p><b>Wann ist bei Schulkindern professionelle Hilfe angezeigt?<\/b><\/p><p>&#8211; Probleme bei Schulangst,\u00a0 Lernschwierigkeiten,\u00a0 Leistungsdruck<\/p><p>&#8211; Probleme im emotionalen und Sozialverhalten<\/p><p>&#8211; Probleme mit Mobbing oder PC-\/Internetsucht&#8230;.und vieles mehr<\/p><p>\u00a0<\/p>\t\t\t\t\t\t\t\t<\/div>\n\t\t\t\t<\/div>\n\t\t\t\t\t<\/div>\n\t\t<\/div>\n\t\t\t\t\t<\/div>\n\t\t<\/section>\n\t\t\t\t<section class=\"elementor-section elementor-top-section elementor-element elementor-element-f5bfc79 elementor-section-boxed elementor-section-height-default elementor-section-height-default\" data-id=\"f5bfc79\" data-element_type=\"section\" data-e-type=\"section\">\n\t\t\t\t\t\t<div class=\"elementor-container elementor-column-gap-default\">\n\t\t\t\t\t<div class=\"elementor-column elementor-col-100 elementor-top-column elementor-element elementor-element-108893f\" data-id=\"108893f\" data-element_type=\"column\" data-e-type=\"column\">\n\t\t\t<div class=\"elementor-widget-wrap elementor-element-populated\">\n\t\t\t\t\t\t<div class=\"elementor-element elementor-element-1908367 elementor-widget elementor-widget-image\" data-id=\"1908367\" data-element_type=\"widget\" data-e-type=\"widget\" data-widget_type=\"image.default\">\n\t\t\t\t<div class=\"elementor-widget-container\">\n\t\t\t\t\t\t\t\t\t\t\t\t\t\t\t<img fetchpriority=\"high\" decoding=\"async\" width=\"640\" height=\"426\" src=\"https:\/\/ganz-neue-wege.de\/wp-content\/uploads\/2020\/04\/children-593313_640.jpg\" class=\"attachment-large size-large wp-image-80\" alt=\"\" srcset=\"https:\/\/ganz-neue-wege.de\/wp-content\/uploads\/2020\/04\/children-593313_640.jpg 640w, https:\/\/ganz-neue-wege.de\/wp-content\/uploads\/2020\/04\/children-593313_640-300x200.jpg 300w, https:\/\/ganz-neue-wege.de\/wp-content\/uploads\/2020\/04\/children-593313_640-90x60.jpg 90w, https:\/\/ganz-neue-wege.de\/wp-content\/uploads\/2020\/04\/children-593313_640-370x247.jpg 370w\" sizes=\"(max-width: 640px) 100vw, 640px\" \/>\t\t\t\t\t\t\t\t\t\t\t\t\t\t\t<\/div>\n\t\t\t\t<\/div>\n\t\t\t\t\t<\/div>\n\t\t<\/div>\n\t\t\t\t\t<\/div>\n\t\t<\/section>\n\t\t\t\t<\/div>\n\t\t","protected":false},"excerpt":{"rendered":"<p>&#8222;Kinder sind G\u00e4ste, die nach dem Weg fragen.&#8220; (Maria Montessori) Manchmal ist es aber f\u00fcr Eltern, LehrerInnen, ErzieherInnen und anderen p\u00e4dagogisch T\u00e4tigen nicht immer einfach, einem Kind den richtigen Weg &hellip; <\/p>\n","protected":false},"author":1,"featured_media":0,"parent":0,"menu_order":0,"comment_status":"closed","ping_status":"closed","template":"","meta":{"footnotes":""},"class_list":["post-34","page","type-page","status-publish","hentry"],"_links":{"self":[{"href":"https:\/\/ganz-neue-wege.de\/index.php?rest_route=\/wp\/v2\/pages\/34","targetHints":{"allow":["GET"]}}],"collection":[{"href":"https:\/\/ganz-neue-wege.de\/index.php?rest_route=\/wp\/v2\/pages"}],"about":[{"href":"https:\/\/ganz-neue-wege.de\/index.php?rest_route=\/wp\/v2\/types\/page"}],"author":[{"embeddable":true,"href":"https:\/\/ganz-neue-wege.de\/index.php?rest_route=\/wp\/v2\/users\/1"}],"replies":[{"embeddable":true,"href":"https:\/\/ganz-neue-wege.de\/index.php?rest_route=%2Fwp%2Fv2%2Fcomments&post=34"}],"version-history":[{"count":10,"href":"https:\/\/ganz-neue-wege.de\/index.php?rest_route=\/wp\/v2\/pages\/34\/revisions"}],"predecessor-version":[{"id":268,"href":"https:\/\/ganz-neue-wege.de\/index.php?rest_route=\/wp\/v2\/pages\/34\/revisions\/268"}],"wp:attachment":[{"href":"https:\/\/ganz-neue-wege.de\/index.php?rest_route=%2Fwp%2Fv2%2Fmedia&parent=34"}],"curies":[{"name":"wp","href":"https:\/\/api.w.org\/{rel}","templated":true}]}}