{"id":177,"date":"2020-04-22T10:07:25","date_gmt":"2020-04-22T10:07:25","guid":{"rendered":"https:\/\/ganz-neue-wege.de\/?page_id=177"},"modified":"2020-04-22T11:37:07","modified_gmt":"2020-04-22T11:37:07","slug":"impressum","status":"publish","type":"page","link":"https:\/\/ganz-neue-wege.de\/?page_id=177","title":{"rendered":"Impressum"},"content":{"rendered":"\n<p><strong>Angaben gem\u00e4\u00df Paragraph 5 TMG:<\/strong><\/p>\n\n\n\n<p>Kornelia Hanrath-Elsen<br>Kreative Kinder- und Familientherapeutin<br>Heilpraktikerin f\u00fcr Psychotherapie nach dem Heilpraktikergesetz (HPG)<br>Bahnstra\u00dfe 103<br>52355 D\u00fcren<\/p>\n\n\n\n<p><strong>Kontakt:<\/strong><br>Telefon: +49 \u2013 (0)1578 58 614 57<br>E-Mail: khanrath@web.de<\/p>\n\n\n\n<p><strong>Aufsichtsbeh\u00f6rde:<\/strong><br>Kreisverwaltung D\u00fcren<br><strong>Berufsbezeichnung:&nbsp;<\/strong><br>Heilpraktikerin f\u00fcr Psychotherapie (HPG), Deutschland<\/p>\n\n\n\n<p><strong>Quellenangeben f\u00fcr die verwendeten Bilder und Grafiken:<\/strong><\/p>\n\n\n\n<p><strong>Haftungsausschluss (Disclaimer)<\/strong><\/p>\n\n\n\n<p><strong>Haftung f\u00fcr Inhalte<\/strong><\/p>\n\n\n\n<p>Als Dienstanbieter sind wir gem\u00e4\u00df Paragraph 7 Abs. 1 TMG f\u00fcr eigene Inhalte auf diesen Seiten nach den allgemeinen Gesetzen verantwortlich. Nach Paragraphen 8 bis 10&nbsp; TMG sind wir als Dienstanbieter jedoch nicht verpflichtet, \u00fcbermittelte oder gespeicherte fremde Informationen zu \u00fcberwachen oder nach Umst\u00e4nden zu forschen, die auf eine rechtswidrige T\u00e4tigkeit hinweisen. Verpflichtungen zur Entfernung oder Sperrung der Nutzung von Informationen nach den allgemeinen Gesetzen bleiben hiervon unber\u00fchrt. Eine diesbez\u00fcgliche Haftung ist jedoch erst ab dem Zeitpunkt der Kenntnis einer konkreten Rechtsverletzung m\u00f6glich. Bei Bekanntwerden von entsprechenden Rechtsverletzungen werden wir diese Inhalte umgehend entfernen.<\/p>\n\n\n\n<p><strong>Haftung f\u00fcr Links<\/strong><\/p>\n\n\n\n<p>Unser Angebot enth\u00e4lt Links zu externen Webseiten Dritter, auf deren Inhalte wir keinen Einfluss haben. Deshalb k\u00f6nnen wir f\u00fcr diese fremden Inhalte auch keine Gew\u00e4hr \u00fcbernehmen. F\u00fcr die Inhalte der verlinkten Seiten ist stets der jeweilige Anbieter oder Betreiber verantwortlich. Die verlinkten Seiten wurden zum Zeitpunkt der Verlinkung auf m\u00f6gliche Rechtsverst\u00f6\u00dfe \u00fcberpr\u00fcft. Rechtswidrige Inhalte waren zum Zeitpunkt der Verlinkung nicht erkennbar. Eine permanente inhaltliche Kontrolle&nbsp; der verlinkten Seiten&nbsp; ist jedoch ohne konkrete Anhaltspunkte einer Rechtsverletzung nicht zumutbar. Bei Bekanntwerden von Rechtsverletzungen werden wir derartige Links umgehend entfernen.<\/p>\n\n\n\n<p><strong>Urheberrecht<\/strong><\/p>\n\n\n\n<p>Die durch die Seitenbetreiber erstellten Inhalte und Werke auf diesen Seiten unterliegen dem deutschen Urheberrecht. Die Vervielf\u00e4ltigung, Bearbeitung, Verbreitung und jede Art der Verwertung au\u00dferhalb der Grenzen des Urheberrechtes bed\u00fcrfen der schriftlichen Zustimmung des jeweiligen Autors bzw. Erstellers. Downloads und Kopien dieser Seite sind nur f\u00fcr den privaten, nicht kommerziellen Gebrauch gestattet. Soweit die Inhalte auf dieser Seite nicht vom Betreiber erstellt wurden, werden die Urheberrecht Dritter beachtet. Sollten Sie trotzdem auf eine Urheberrechtsverletzung aufmerksam werden, bitten wir um einen entsprechenden Hinweis. Bei Bekanntwerden von Rechtsverletzungen werden wir derartige Inhalte umgehend entfernen.<\/p>\n","protected":false},"excerpt":{"rendered":"<p>Angaben gem\u00e4\u00df Paragraph 5 TMG: Kornelia Hanrath-ElsenKreative Kinder- und FamilientherapeutinHeilpraktikerin f\u00fcr Psychotherapie nach dem Heilpraktikergesetz (HPG)Bahnstra\u00dfe 10352355 D\u00fcren Kontakt:Telefon: +49 \u2013 (0)1578 58 614 57E-Mail: khanrath@web.de Aufsichtsbeh\u00f6rde:Kreisverwaltung D\u00fcrenBerufsbezeichnung:&nbsp;Heilpraktikerin f\u00fcr Psychotherapie &hellip; <\/p>\n","protected":false},"author":1,"featured_media":0,"parent":0,"menu_order":0,"comment_status":"closed","ping_status":"closed","template":"","meta":{"footnotes":""},"class_list":["post-177","page","type-page","status-publish","hentry"],"_links":{"self":[{"href":"https:\/\/ganz-neue-wege.de\/index.php?rest_route=\/wp\/v2\/pages\/177","targetHints":{"allow":["GET"]}}],"collection":[{"href":"https:\/\/ganz-neue-wege.de\/index.php?rest_route=\/wp\/v2\/pages"}],"about":[{"href":"https:\/\/ganz-neue-wege.de\/index.php?rest_route=\/wp\/v2\/types\/page"}],"author":[{"embeddable":true,"href":"https:\/\/ganz-neue-wege.de\/index.php?rest_route=\/wp\/v2\/users\/1"}],"replies":[{"embeddable":true,"href":"https:\/\/ganz-neue-wege.de\/index.php?rest_route=%2Fwp%2Fv2%2Fcomments&post=177"}],"version-history":[{"count":1,"href":"https:\/\/ganz-neue-wege.de\/index.php?rest_route=\/wp\/v2\/pages\/177\/revisions"}],"predecessor-version":[{"id":179,"href":"https:\/\/ganz-neue-wege.de\/index.php?rest_route=\/wp\/v2\/pages\/177\/revisions\/179"}],"wp:attachment":[{"href":"https:\/\/ganz-neue-wege.de\/index.php?rest_route=%2Fwp%2Fv2%2Fmedia&parent=177"}],"curies":[{"name":"wp","href":"https:\/\/api.w.org\/{rel}","templated":true}]}}