{"id":168,"date":"2020-04-21T11:36:47","date_gmt":"2020-04-21T11:36:47","guid":{"rendered":"https:\/\/ganz-neue-wege.de\/?page_id=168"},"modified":"2024-08-14T12:44:09","modified_gmt":"2024-08-14T10:44:09","slug":"kosten","status":"publish","type":"page","link":"https:\/\/ganz-neue-wege.de\/?page_id=168","title":{"rendered":"Kosten"},"content":{"rendered":"\n<p><strong>Privatversicherung<\/strong><br><br>Viele private Krankenversicherungen \u00fcbernehmen die Beratungs- bzw. Therapiekosten. Dies h\u00e4ngt von Ihrem pers\u00f6nlichen Versicherungsvertrag ab. Am besten informieren Sie sich bei Ihrer privaten Krankenkasse. <\/p>\n\n\n\n<p><strong>Gesetzliche Krankenkasse<\/strong><\/p>\n\n\n\n<p>Als Heilpraktikerin f\u00fcr Psychotherapie, Kinder- und Familientherapeutin und Musiktherapeutin ist es mir grunds\u00e4tzlich nicht m\u00f6glich, mit den gesetzlichen Krankenkassen abzurechnen. Viele Krankenkassen beteiligen sich aber an den Kosten, wenn beispielsweise bei den niedergelassenen Psychotherapeuten die Wartezeiten unzumutbar lang sind und schnelle Hilfe n\u00f6tig ist. <br>Nach dem  Kennen-Lern-Gespr\u00e4ch k\u00f6nnen Sie mit Ihrer Krankenkasse Kontakt aufnehmen, um eine Kostenbeteiligung abzukl\u00e4ren.<\/p>\n\n\n\n<p><strong>Selbstzahler<\/strong><\/p>\n\n\n\n<p>Zur Zeit gibt es leider nur drei therapeutische Verfahren in Deutschland, die von der gesetzlichen Krankenkasse \u00fcbernommen werden. Deshalb kann ich Ihnen nur eine Rechnung stellen, die Sie privat zahlen. Das Erstgespr\u00e4ch kostet in der Regel 80,00 \u20ac und dauert ca. eine Stunde.<\/p>\n\n\n\n<p>Dies hat allerdings f\u00fcr Sie den Vorteil, dass Sie zeitnah einen Termin erhalten. <\/p>\n\n\n\n<p>Weitere Fragen zu den Rahmenbedingungen k\u00f6nnen Sie gerne telefonisch oder per E-Mail stellen.<\/p>\n","protected":false},"excerpt":{"rendered":"<p>Privatversicherung Viele private Krankenversicherungen \u00fcbernehmen die Beratungs- bzw. Therapiekosten. Dies h\u00e4ngt von Ihrem pers\u00f6nlichen Versicherungsvertrag ab. Am besten informieren Sie sich bei Ihrer privaten Krankenkasse. Gesetzliche Krankenkasse Als Heilpraktikerin f\u00fcr &hellip; <\/p>\n","protected":false},"author":1,"featured_media":0,"parent":0,"menu_order":0,"comment_status":"closed","ping_status":"closed","template":"","meta":{"footnotes":""},"class_list":["post-168","page","type-page","status-publish","hentry"],"_links":{"self":[{"href":"https:\/\/ganz-neue-wege.de\/index.php?rest_route=\/wp\/v2\/pages\/168","targetHints":{"allow":["GET"]}}],"collection":[{"href":"https:\/\/ganz-neue-wege.de\/index.php?rest_route=\/wp\/v2\/pages"}],"about":[{"href":"https:\/\/ganz-neue-wege.de\/index.php?rest_route=\/wp\/v2\/types\/page"}],"author":[{"embeddable":true,"href":"https:\/\/ganz-neue-wege.de\/index.php?rest_route=\/wp\/v2\/users\/1"}],"replies":[{"embeddable":true,"href":"https:\/\/ganz-neue-wege.de\/index.php?rest_route=%2Fwp%2Fv2%2Fcomments&post=168"}],"version-history":[{"count":4,"href":"https:\/\/ganz-neue-wege.de\/index.php?rest_route=\/wp\/v2\/pages\/168\/revisions"}],"predecessor-version":[{"id":340,"href":"https:\/\/ganz-neue-wege.de\/index.php?rest_route=\/wp\/v2\/pages\/168\/revisions\/340"}],"wp:attachment":[{"href":"https:\/\/ganz-neue-wege.de\/index.php?rest_route=%2Fwp%2Fv2%2Fmedia&parent=168"}],"curies":[{"name":"wp","href":"https:\/\/api.w.org\/{rel}","templated":true}]}}