{"id":160,"date":"2020-04-21T11:15:11","date_gmt":"2020-04-21T11:15:11","guid":{"rendered":"https:\/\/ganz-neue-wege.de\/?page_id=160"},"modified":"2021-08-08T18:34:33","modified_gmt":"2021-08-08T16:34:33","slug":"beratung","status":"publish","type":"page","link":"https:\/\/ganz-neue-wege.de\/?page_id=160","title":{"rendered":"Beratung"},"content":{"rendered":"\t\t<div data-elementor-type=\"wp-page\" data-elementor-id=\"160\" class=\"elementor elementor-160\">\n\t\t\t\t\t\t<section class=\"elementor-section elementor-top-section elementor-element elementor-element-466c82aa elementor-section-boxed elementor-section-height-default elementor-section-height-default\" data-id=\"466c82aa\" data-element_type=\"section\" data-e-type=\"section\">\n\t\t\t\t\t\t<div class=\"elementor-container elementor-column-gap-default\">\n\t\t\t\t\t<div class=\"elementor-column elementor-col-100 elementor-top-column elementor-element elementor-element-452e89aa\" data-id=\"452e89aa\" data-element_type=\"column\" data-e-type=\"column\">\n\t\t\t<div class=\"elementor-widget-wrap elementor-element-populated\">\n\t\t\t\t\t\t<div class=\"elementor-element elementor-element-5802897a elementor-widget elementor-widget-text-editor\" data-id=\"5802897a\" data-element_type=\"widget\" data-e-type=\"widget\" data-widget_type=\"text-editor.default\">\n\t\t\t\t<div class=\"elementor-widget-container\">\n\t\t\t\t\t\t\t\t\t<p><\/p>\n<p>Der Weg in eine Beratung ist oft nicht ganz einfach. Manchmal denkt man Wochen oder Monate dar\u00fcber nach. Da der Erfolg der Beratung sehr davon abh\u00e4ngt, wie die Beziehung zwischen Ihnen und mir ist, biete ich zun\u00e4chst einen unverbindlichen Kennen-Lern-Termin an. Hier schauen wir gemeinsam, welche Form der Beratung oder Therapie f\u00fcr Ihr pers\u00f6nliches Thema in Frage kommt. Viele Wege f\u00fchren zur L\u00f6sung von Problemen. Wichtig ist mir: Es gibt kein Falsch oder Richtig, es gibt nur Ihren pers\u00f6nlichen Weg, den Sie mit meiner Unterst\u00fctzung auch finden werden.<\/p>\n<p><\/p>\n<p>Wenn Sie dann das Gef\u00fchl haben, dass ich Sie auf Ihrem Weg ein St\u00fcck begleiten darf, vereinbaren wir einen weiteren Termin.\u00a0 Dann erst machen wir\u00a0 kleine Schritte auf dem Weg zum Ziel.<\/p>\n<p><\/p>\n<p>Meine Beratung ist immer individuell, einf\u00fchlsam und auf Ihre Bed\u00fcrfnisse abgestimmt.<\/p>\n<p><\/p>\t\t\t\t\t\t\t\t<\/div>\n\t\t\t\t<\/div>\n\t\t\t\t\t<\/div>\n\t\t<\/div>\n\t\t\t\t\t<\/div>\n\t\t<\/section>\n\t\t\t\t<section class=\"elementor-section elementor-top-section elementor-element elementor-element-f0cc2f6 elementor-section-boxed elementor-section-height-default elementor-section-height-default\" data-id=\"f0cc2f6\" data-element_type=\"section\" data-e-type=\"section\">\n\t\t\t\t\t\t<div class=\"elementor-container elementor-column-gap-default\">\n\t\t\t\t\t<div class=\"elementor-column elementor-col-100 elementor-top-column elementor-element elementor-element-d6c73ec\" data-id=\"d6c73ec\" data-element_type=\"column\" data-e-type=\"column\">\n\t\t\t<div class=\"elementor-widget-wrap elementor-element-populated\">\n\t\t\t\t\t\t<div class=\"elementor-element elementor-element-9bf186d elementor-widget elementor-widget-image\" data-id=\"9bf186d\" data-element_type=\"widget\" data-e-type=\"widget\" data-widget_type=\"image.default\">\n\t\t\t\t<div class=\"elementor-widget-container\">\n\t\t\t\t\t\t\t\t\t\t\t\t\t\t\t<img fetchpriority=\"high\" decoding=\"async\" width=\"767\" height=\"279\" src=\"https:\/\/ganz-neue-wege.de\/wp-content\/uploads\/2021\/08\/cropped-bbde777d-fff6-445a-b021-5e3c0f928bce-1024x373.jpg\" class=\"attachment-large size-large wp-image-257\" alt=\"\" srcset=\"https:\/\/ganz-neue-wege.de\/wp-content\/uploads\/2021\/08\/cropped-bbde777d-fff6-445a-b021-5e3c0f928bce-1024x373.jpg 1024w, https:\/\/ganz-neue-wege.de\/wp-content\/uploads\/2021\/08\/cropped-bbde777d-fff6-445a-b021-5e3c0f928bce-300x109.jpg 300w, https:\/\/ganz-neue-wege.de\/wp-content\/uploads\/2021\/08\/cropped-bbde777d-fff6-445a-b021-5e3c0f928bce-768x280.jpg 768w, https:\/\/ganz-neue-wege.de\/wp-content\/uploads\/2021\/08\/cropped-bbde777d-fff6-445a-b021-5e3c0f928bce-1536x560.jpg 1536w, https:\/\/ganz-neue-wege.de\/wp-content\/uploads\/2021\/08\/cropped-bbde777d-fff6-445a-b021-5e3c0f928bce-165x60.jpg 165w, https:\/\/ganz-neue-wege.de\/wp-content\/uploads\/2021\/08\/cropped-bbde777d-fff6-445a-b021-5e3c0f928bce.jpg 1920w\" sizes=\"(max-width: 767px) 100vw, 767px\" \/>\t\t\t\t\t\t\t\t\t\t\t\t\t\t\t<\/div>\n\t\t\t\t<\/div>\n\t\t\t\t\t<\/div>\n\t\t<\/div>\n\t\t\t\t\t<\/div>\n\t\t<\/section>\n\t\t\t\t<section class=\"elementor-section elementor-top-section elementor-element elementor-element-3895706 elementor-section-boxed elementor-section-height-default elementor-section-height-default\" data-id=\"3895706\" data-element_type=\"section\" data-e-type=\"section\">\n\t\t\t\t\t\t<div class=\"elementor-container elementor-column-gap-default\">\n\t\t\t\t\t<div class=\"elementor-column elementor-col-100 elementor-top-column elementor-element elementor-element-c98ff1b\" data-id=\"c98ff1b\" data-element_type=\"column\" data-e-type=\"column\">\n\t\t\t<div class=\"elementor-widget-wrap\">\n\t\t\t\t\t\t\t<\/div>\n\t\t<\/div>\n\t\t\t\t\t<\/div>\n\t\t<\/section>\n\t\t\t\t<\/div>\n\t\t","protected":false},"excerpt":{"rendered":"<p>Der Weg in eine Beratung ist oft nicht ganz einfach. Manchmal denkt man Wochen oder Monate dar\u00fcber nach. Da der Erfolg der Beratung sehr davon abh\u00e4ngt, wie die Beziehung zwischen &hellip; <\/p>\n","protected":false},"author":1,"featured_media":0,"parent":0,"menu_order":0,"comment_status":"closed","ping_status":"closed","template":"","meta":{"footnotes":""},"class_list":["post-160","page","type-page","status-publish","hentry"],"_links":{"self":[{"href":"https:\/\/ganz-neue-wege.de\/index.php?rest_route=\/wp\/v2\/pages\/160","targetHints":{"allow":["GET"]}}],"collection":[{"href":"https:\/\/ganz-neue-wege.de\/index.php?rest_route=\/wp\/v2\/pages"}],"about":[{"href":"https:\/\/ganz-neue-wege.de\/index.php?rest_route=\/wp\/v2\/types\/page"}],"author":[{"embeddable":true,"href":"https:\/\/ganz-neue-wege.de\/index.php?rest_route=\/wp\/v2\/users\/1"}],"replies":[{"embeddable":true,"href":"https:\/\/ganz-neue-wege.de\/index.php?rest_route=%2Fwp%2Fv2%2Fcomments&post=160"}],"version-history":[{"count":9,"href":"https:\/\/ganz-neue-wege.de\/index.php?rest_route=\/wp\/v2\/pages\/160\/revisions"}],"predecessor-version":[{"id":272,"href":"https:\/\/ganz-neue-wege.de\/index.php?rest_route=\/wp\/v2\/pages\/160\/revisions\/272"}],"wp:attachment":[{"href":"https:\/\/ganz-neue-wege.de\/index.php?rest_route=%2Fwp%2Fv2%2Fmedia&parent=160"}],"curies":[{"name":"wp","href":"https:\/\/api.w.org\/{rel}","templated":true}]}}